{"id":3661,"date":"2020-05-12T15:09:39","date_gmt":"2020-05-12T15:09:39","guid":{"rendered":"https:\/\/www.cenotetours.com\/entrenamiento\/"},"modified":"2021-05-23T22:42:35","modified_gmt":"2021-05-23T22:42:35","slug":"entrenamiento","status":"publish","type":"page","link":"https:\/\/www.cenotetours.com\/es\/entrenamiento\/","title":{"rendered":"ENTRENAMIENTO"},"content":{"rendered":"<p>[et_pb_section fb_built=\u00bb1&#8243; _builder_version=\u00bb4.4.3&#8243; custom_margin=\u00bb0px||0px||false|false\u00bb custom_padding=\u00bb0px||0px||false|false\u00bb][et_pb_row use_custom_gutter=\u00bbon\u00bb gutter_width=\u00bb1&#8243; _builder_version=\u00bb4.4.3&#8243; background_image=\u00bbhttps:\/\/www.cenotetours.com\/wp-content\/uploads\/2021\/05\/training_header.jpg\u00bb width=\u00bb100%\u00bb max_width=\u00bb100%\u00bb custom_margin=\u00bb0px|auto|0px|auto|true|false\u00bb custom_padding=\u00bb110px||110px||true|false\u00bb hover_enabled=\u00bb0&#8243;][et_pb_column type=\u00bb4_4&#8243; _builder_version=\u00bb4.4.3&#8243;][et_pb_text _builder_version=\u00bb4.4.3&#8243; header_font_size=\u00bb35px\u00bb custom_margin=\u00bb0px||0px||false|false\u00bb custom_margin_tablet=\u00bb30px||||false|false\u00bb custom_margin_phone=\u00bb30px||||false|false\u00bb custom_margin_last_edited=\u00bbon|phone\u00bb custom_padding=\u00bb0px||0px||false|false\u00bb]<\/p>\n<h1 style=\"text-align: center;\">ENTRENAMIENTO<\/h1>\n<p>[\/et_pb_text][et_pb_divider color=\u00bb#ffffff\u00bb _builder_version=\u00bb4.4.3&#8243; width=\u00bb60px\u00bb module_alignment=\u00bbcenter\u00bb custom_margin=\u00bb0px||0px||false|false\u00bb custom_padding=\u00bb0px||0px||false|false\u00bb][\/et_pb_divider][\/et_pb_column][\/et_pb_row][\/et_pb_section][et_pb_section fb_built=\u00bb1&#8243; _builder_version=\u00bb4.4.3&#8243; custom_padding=\u00bb0px||0px|||\u00bb][et_pb_row _builder_version=\u00bb4.4.3&#8243;][et_pb_column type=\u00bb4_4&#8243; _builder_version=\u00bb4.4.3&#8243;][et_pb_text _builder_version=\u00bb4.4.3&#8243; text_font_size=\u00bb16px\u00bb text_orientation=\u00bbcenter\u00bb]<\/p>\n<p><span style=\"font-weight: 400;\">CenoteTours ofrece entrenamiento de la mejor calidad y con los m\u00e1s altos est\u00e1ndares. Desde cursos recreativos hasta buceo t\u00e9cnico, nuestros entregados instructores est\u00e1n deseando compartir contigo sus conocimientos.<\/span><\/p>\n<p><span style=\"font-weight: 400;\">Profesionalidad, paciencia, empat\u00eda, flexibilidad, buenas dotes de comunicaci\u00f3n y organizaci\u00f3n son algunas de las caracter\u00edsticas que buscamos en todos nuestros instructores.<\/span><\/p>\n<p><span style=\"font-weight: 400;\">Entrena seriamente y mejora tus habilidades de buceo.<\/span><\/p>\n<p>[\/et_pb_text][\/et_pb_column][\/et_pb_row][\/et_pb_section][et_pb_section fb_built=\u00bb1&#8243; _builder_version=\u00bb4.4.3&#8243; custom_padding=\u00bb0px||0px|||\u00bb][et_pb_row column_structure=\u00bb1_2,1_2&#8243; use_custom_gutter=\u00bbon\u00bb gutter_width=\u00bb1&#8243; _builder_version=\u00bb4.4.3&#8243; width=\u00bb100%\u00bb max_width=\u00bb100%\u00bb custom_padding=\u00bb0px||0px||true|false\u00bb][et_pb_column type=\u00bb1_2&#8243; _builder_version=\u00bb4.4.3&#8243; background_image=\u00bbhttps:\/\/www.cenotetours.com\/wp-content\/uploads\/2021\/05\/cavern_cave_courses.jpg\u00bb custom_padding=\u00bb80px|50px|0px|50px|false|true\u00bb border_width_right=\u00bb3px\u00bb border_color_right=\u00bb#000000&#8243; border_width_right_tablet=\u00bb0px\u00bb border_width_right_phone=\u00bb\u00bb border_width_right_last_edited=\u00bbon|phone\u00bb][et_pb_cta title=\u00bbCAVERNA Y CUEVA\u00bb button_url=\u00bbhttps:\/\/www.cenotetours.com\/cavern-and-cave-training\/\u00bb _builder_version=\u00bb4.4.3&#8243; header_font=\u00bb|600|||||||\u00bb background_color=\u00bbrgba(0,0,0,0.75)\u00bb custom_button=\u00bbon\u00bb button_text_size=\u00bb15px\u00bb button_border_radius=\u00bb7px\u00bb button_icon=\u00bb%%20%%\u00bb button_custom_margin=\u00bb6px|20px|6px|20px|true|true\u00bb min_height=\u00bb235px\u00bb min_height_tablet=\u00bb\u00bb min_height_phone=\u00bb\u00bb min_height_last_edited=\u00bbon|desktop\u00bb height=\u00bb235px\u00bb height_tablet=\u00bb\u00bb height_phone=\u00bb\u00bb height_last_edited=\u00bbon|phone\u00bb max_height=\u00bb235px\u00bb max_height_tablet=\u00bb\u00bb max_height_phone=\u00bb\u00bb max_height_last_edited=\u00bbon|phone\u00bb custom_margin=\u00bb30px||0px||false|false\u00bb custom_padding=\u00bb40px||40px||true|false\u00bb header_font_size_tablet=\u00bb\u00bb header_font_size_phone=\u00bb24px\u00bb header_font_size_last_edited=\u00bbon|phone\u00bb max_height__hover_enabled=\u00bboff|desktop\u00bb height__hover_enabled=\u00bboff|desktop\u00bb]<\/p>\n<p><span style=\"font-weight: 400;\">\u00danete al lado oscuro.<\/span><\/p>\n<p><span style=\"font-weight: 400;\">Si est\u00e1s buscando entrenamiento en buceo de cueva, M\u00e9xico es tu destino.<\/span><\/p>\n<p>[\/et_pb_cta][et_pb_button button_url=\u00bbhttps:\/\/www.cenotetours.com\/es\/entrenamiento\/cursos-de-caverna-y-cueva\/\u00bb button_text=\u00bbM\u00e1s\u00bb button_alignment=\u00bbcenter\u00bb _builder_version=\u00bb4.4.3&#8243; custom_button=\u00bbon\u00bb button_text_size=\u00bb16px\u00bb button_border_radius=\u00bb7px\u00bb custom_margin=\u00bb-53px||10px||false|false\u00bb custom_margin_tablet=\u00bb-51px||8px||false|false\u00bb custom_margin_phone=\u00bb\u00bb custom_margin_last_edited=\u00bbon|phone\u00bb custom_padding=\u00bb6px|20px|6px|20px|true|true\u00bb][\/et_pb_button][\/et_pb_column][et_pb_column type=\u00bb1_2&#8243; _builder_version=\u00bb4.4.3&#8243; background_image=\u00bbhttps:\/\/www.cenotetours.com\/wp-content\/uploads\/2020\/04\/sidemount_training_half_column.jpg\u00bb custom_padding=\u00bb80px|50px|0px|50px|false|true\u00bb border_color_top=\u00bb#000000&#8243; border_width_left=\u00bb3px\u00bb border_color_left=\u00bb#000000&#8243; border_width_top_tablet=\u00bb6px\u00bb border_width_top_phone=\u00bb\u00bb border_width_top_last_edited=\u00bbon|phone\u00bb border_width_left_tablet=\u00bb0px\u00bb border_width_left_phone=\u00bb\u00bb border_width_left_last_edited=\u00bbon|phone\u00bb][et_pb_cta title=\u00bbSIDEMOUNT\u00bb _builder_version=\u00bb4.4.3&#8243; header_font=\u00bb|600|||||||\u00bb background_color=\u00bbrgba(0,0,0,0.75)\u00bb custom_button=\u00bbon\u00bb button_text_size=\u00bb15px\u00bb button_border_radius=\u00bb7px\u00bb button_icon=\u00bb%%20%%\u00bb button_custom_margin=\u00bb6px|20px|6px|20px|true|true\u00bb min_height=\u00bb235px\u00bb min_height_tablet=\u00bb\u00bb min_height_phone=\u00bb\u00bb min_height_last_edited=\u00bbon|phone\u00bb height=\u00bb235px\u00bb height_tablet=\u00bb\u00bb height_phone=\u00bb\u00bb height_last_edited=\u00bbon|phone\u00bb max_height=\u00bb235px\u00bb max_height_tablet=\u00bb\u00bb max_height_phone=\u00bb\u00bb max_height_last_edited=\u00bbon|phone\u00bb custom_margin=\u00bb30px||0px||false|false\u00bb custom_padding=\u00bb40px||40px||true|false\u00bb header_font_size_tablet=\u00bb\u00bb header_font_size_phone=\u00bb24px\u00bb header_font_size_last_edited=\u00bbon|phone\u00bb max_height__hover_enabled=\u00bboff|desktop\u00bb height__hover_enabled=\u00bboff|desktop\u00bb]<span style=\"font-weight: 400; font-size: 14px;\"><span style=\"font-weight: 400;\">Streamlining, trim, balance, estabilidad, redundancia. \u00bfNecesitas alguna otra raz\u00f3n?<\/span><\/span>[\/et_pb_cta][et_pb_button button_url=\u00bbhttps:\/\/www.cenotetours.com\/es\/entrenamiento\/sidemount\/\u00bb button_text=\u00bbM\u00e1s\u00bb button_alignment=\u00bbcenter\u00bb _builder_version=\u00bb4.4.3&#8243; custom_button=\u00bbon\u00bb button_text_size=\u00bb16px\u00bb button_border_radius=\u00bb7px\u00bb custom_margin=\u00bb-53px||10px||false|false\u00bb custom_margin_tablet=\u00bb-51px||8px||false|false\u00bb custom_margin_phone=\u00bb\u00bb custom_margin_last_edited=\u00bbon|phone\u00bb custom_padding=\u00bb6px|20px|6px|20px|true|true\u00bb][\/et_pb_button][\/et_pb_column][\/et_pb_row][et_pb_row column_structure=\u00bb1_2,1_2&#8243; use_custom_gutter=\u00bbon\u00bb gutter_width=\u00bb1&#8243; _builder_version=\u00bb4.4.3&#8243; width=\u00bb100%\u00bb max_width=\u00bb100%\u00bb custom_padding=\u00bb0px||0px||true|false\u00bb border_width_top=\u00bb6px\u00bb border_color_top=\u00bb#000000&#8243; border_width_top_tablet=\u00bb\u00bb border_width_top_phone=\u00bb\u00bb border_width_top_last_edited=\u00bbon|phone\u00bb][et_pb_column type=\u00bb1_2&#8243; _builder_version=\u00bb4.4.3&#8243; background_image=\u00bbhttps:\/\/www.cenotetours.com\/wp-content\/uploads\/2020\/04\/tek_diving_half_column.jpg\u00bb custom_padding=\u00bb80px|50px|0px|50px|false|true\u00bb border_width_right=\u00bb3px\u00bb border_color_right=\u00bb#000000&#8243; border_width_right_tablet=\u00bb0px\u00bb border_width_right_phone=\u00bb\u00bb border_width_right_last_edited=\u00bbon|phone\u00bb][et_pb_cta title=\u00bbBUCEO T\u00c9CNICO\u00bb _builder_version=\u00bb4.4.3&#8243; header_font=\u00bb|600|||||||\u00bb background_color=\u00bbrgba(0,0,0,0.75)\u00bb custom_button=\u00bbon\u00bb button_text_size=\u00bb15px\u00bb button_border_radius=\u00bb7px\u00bb button_icon=\u00bb%%20%%\u00bb button_custom_margin=\u00bb6px|20px|6px|20px|true|true\u00bb min_height=\u00bb235px\u00bb min_height_tablet=\u00bb\u00bb min_height_phone=\u00bb\u00bb min_height_last_edited=\u00bbon|phone\u00bb height=\u00bb235px\u00bb height_tablet=\u00bb\u00bb height_phone=\u00bb\u00bb height_last_edited=\u00bbon|phone\u00bb max_height=\u00bb235px\u00bb max_height_tablet=\u00bb\u00bb max_height_phone=\u00bb\u00bb max_height_last_edited=\u00bbon|phone\u00bb custom_margin=\u00bb30px||0px||false|false\u00bb custom_padding=\u00bb40px||40px||true|false\u00bb header_font_size_tablet=\u00bb\u00bb header_font_size_phone=\u00bb24px\u00bb header_font_size_last_edited=\u00bbon|phone\u00bb body_font_size_tablet=\u00bb\u00bb body_font_size_phone=\u00bb\u00bb body_font_size_last_edited=\u00bbon|desktop\u00bb max_height__hover_enabled=\u00bboff|desktop\u00bb height__hover_enabled=\u00bboff|desktop\u00bb]<\/p>\n<p><span style=\"font-weight: 400;\">Lleva tus habilidades al siguiente nivel.<\/span><\/p>\n<p>[\/et_pb_cta][et_pb_button button_url=\u00bbhttps:\/\/www.cenotetours.com\/es\/entrenamiento\/cursos-tecnicos\/\u00bb button_text=\u00bbM\u00e1s\u00bb button_alignment=\u00bbcenter\u00bb _builder_version=\u00bb4.4.3&#8243; custom_button=\u00bbon\u00bb button_text_size=\u00bb16px\u00bb button_border_radius=\u00bb7px\u00bb custom_margin=\u00bb-53px||10px||false|false\u00bb custom_margin_tablet=\u00bb-51px||8px||false|false\u00bb custom_margin_phone=\u00bb\u00bb custom_margin_last_edited=\u00bbon|phone\u00bb custom_padding=\u00bb6px|20px|6px|20px|true|true\u00bb][\/et_pb_button][\/et_pb_column][et_pb_column type=\u00bb1_2&#8243; _builder_version=\u00bb4.4.3&#8243; background_image=\u00bbhttps:\/\/www.cenotetours.com\/wp-content\/uploads\/2021\/05\/recreational_courses.jpg\u00bb custom_padding=\u00bb80px|50px|0px|50px|false|true\u00bb border_color_top=\u00bb#000000&#8243; border_width_left=\u00bb2px\u00bb border_color_left=\u00bb#000000&#8243; border_width_top_tablet=\u00bb6px\u00bb border_width_top_phone=\u00bb\u00bb border_width_top_last_edited=\u00bbon|desktop\u00bb border_width_left_tablet=\u00bb\u00bb border_width_left_phone=\u00bb\u00bb border_width_left_last_edited=\u00bbon|desktop\u00bb][et_pb_cta title=\u00bbBUCEO RECREATIVO\u00bb _builder_version=\u00bb4.4.3&#8243; header_font=\u00bb|600|||||||\u00bb background_color=\u00bbrgba(0,0,0,0.75)\u00bb custom_button=\u00bbon\u00bb button_text_size=\u00bb15px\u00bb button_border_radius=\u00bb7px\u00bb button_icon=\u00bb%%20%%\u00bb button_custom_margin=\u00bb6px|20px|6px|20px|true|true\u00bb min_height=\u00bb235px\u00bb min_height_tablet=\u00bb\u00bb min_height_phone=\u00bb\u00bb min_height_last_edited=\u00bbon|phone\u00bb height=\u00bb235px\u00bb height_tablet=\u00bb\u00bb height_phone=\u00bb\u00bb height_last_edited=\u00bbon|phone\u00bb max_height=\u00bb235px\u00bb max_height_tablet=\u00bb\u00bb max_height_phone=\u00bb\u00bb max_height_last_edited=\u00bbon|phone\u00bb custom_margin=\u00bb30px||0px||false|false\u00bb custom_padding=\u00bb40px||40px||true|false\u00bb header_font_size_tablet=\u00bb\u00bb header_font_size_phone=\u00bb24px\u00bb header_font_size_last_edited=\u00bbon|phone\u00bb max_height__hover_enabled=\u00bboff|desktop\u00bb height__hover_enabled=\u00bboff|desktop\u00bb]<\/p>\n<p><span style=\"font-weight: 400;\">\u00a1M\u00f3jate!<\/span><\/p>\n<p><span style=\"font-weight: 400;\">Porque el 70% del planeta est\u00e1 sumergido.<\/span><\/p>\n<p>[\/et_pb_cta][et_pb_button button_url=\u00bbhttps:\/\/www.cenotetours.com\/es\/entrenamiento\/cursos-recreativos\/\u00bb button_text=\u00bbM\u00e1s\u00bb button_alignment=\u00bbcenter\u00bb _builder_version=\u00bb4.4.3&#8243; custom_button=\u00bbon\u00bb button_text_size=\u00bb16px\u00bb button_border_radius=\u00bb7px\u00bb custom_margin=\u00bb-53px||10px||false|false\u00bb custom_margin_tablet=\u00bb-51px||8px||false|false\u00bb custom_margin_phone=\u00bb\u00bb custom_margin_last_edited=\u00bbon|phone\u00bb custom_padding=\u00bb6px|20px|6px|20px|true|true\u00bb][\/et_pb_button][\/et_pb_column][\/et_pb_row][\/et_pb_section]<\/p>\n","protected":false},"excerpt":{"rendered":"<p>[et_pb_section fb_built=\u00bb1&#8243; _builder_version=\u00bb4.4.3&#8243; custom_margin=\u00bb0px||0px||false|false\u00bb custom_padding=\u00bb0px||0px||false|false\u00bb][et_pb_row use_custom_gutter=\u00bbon\u00bb gutter_width=\u00bb1&#8243; _builder_version=\u00bb4.4.3&#8243; background_image=\u00bbhttps:\/\/www.cenotetours.com\/wp-content\/uploads\/2021\/05\/training_header.jpg\u00bb width=\u00bb100%\u00bb max_width=\u00bb100%\u00bb custom_margin=\u00bb0px|auto|0px|auto|true|false\u00bb custom_padding=\u00bb110px||110px||true|false\u00bb hover_enabled=\u00bb0&#8243;][et_pb_column type=\u00bb4_4&#8243; _builder_version=\u00bb4.4.3&#8243;][et_pb_text _builder_version=\u00bb4.4.3&#8243; header_font_size=\u00bb35px\u00bb custom_margin=\u00bb0px||0px||false|false\u00bb custom_margin_tablet=\u00bb30px||||false|false\u00bb custom_margin_phone=\u00bb30px||||false|false\u00bb custom_margin_last_edited=\u00bbon|phone\u00bb custom_padding=\u00bb0px||0px||false|false\u00bb] ENTRENAMIENTO [\/et_pb_text][et_pb_divider color=\u00bb#ffffff\u00bb _builder_version=\u00bb4.4.3&#8243; width=\u00bb60px\u00bb module_alignment=\u00bbcenter\u00bb custom_margin=\u00bb0px||0px||false|false\u00bb custom_padding=\u00bb0px||0px||false|false\u00bb][\/et_pb_divider][\/et_pb_column][\/et_pb_row][\/et_pb_section][et_pb_section fb_built=\u00bb1&#8243; _builder_version=\u00bb4.4.3&#8243; custom_padding=\u00bb0px||0px|||\u00bb][et_pb_row _builder_version=\u00bb4.4.3&#8243;][et_pb_column type=\u00bb4_4&#8243; _builder_version=\u00bb4.4.3&#8243;][et_pb_text _builder_version=\u00bb4.4.3&#8243; text_font_size=\u00bb16px\u00bb text_orientation=\u00bbcenter\u00bb] CenoteTours ofrece entrenamiento de la mejor calidad y con los m\u00e1s altos est\u00e1ndares. Desde cursos [&hellip;]<\/p>\n","protected":false},"author":1,"featured_media":0,"parent":0,"menu_order":0,"comment_status":"closed","ping_status":"closed","template":"","meta":{"_et_pb_use_builder":"on","_et_pb_old_content":"","_et_gb_content_width":""},"yoast_head":"<!-- This site is optimized with the Yoast SEO plugin v16.3 - https:\/\/yoast.com\/wordpress\/plugins\/seo\/ -->\n<title>ENTRENAMIENTO - Cenote Tours Cave Diving Mexico<\/title>\n<meta name=\"robots\" content=\"index, follow, max-snippet:-1, max-image-preview:large, max-video-preview:-1\" \/>\n<link rel=\"canonical\" href=\"https:\/\/www.cenotetours.com\/es\/entrenamiento\/\" \/>\n<meta property=\"og:locale\" content=\"es_ES\" \/>\n<meta property=\"og:type\" content=\"article\" \/>\n<meta property=\"og:title\" content=\"ENTRENAMIENTO - Cenote Tours Cave Diving Mexico\" \/>\n<meta property=\"og:description\" content=\"[et_pb_section fb_built=\u00bb1&#8243; _builder_version=\u00bb4.4.3&#8243; custom_margin=\u00bb0px||0px||false|false\u00bb custom_padding=\u00bb0px||0px||false|false\u00bb][et_pb_row use_custom_gutter=\u00bbon\u00bb gutter_width=\u00bb1&#8243; _builder_version=\u00bb4.4.3&#8243; background_image=\u00bbhttps:\/\/www.cenotetours.com\/wp-content\/uploads\/2021\/05\/training_header.jpg\u00bb width=\u00bb100%\u00bb max_width=\u00bb100%\u00bb custom_margin=\u00bb0px|auto|0px|auto|true|false\u00bb custom_padding=\u00bb110px||110px||true|false\u00bb hover_enabled=\u00bb0&#8243;][et_pb_column type=\u00bb4_4&#8243; _builder_version=\u00bb4.4.3&#8243;][et_pb_text _builder_version=\u00bb4.4.3&#8243; header_font_size=\u00bb35px\u00bb custom_margin=\u00bb0px||0px||false|false\u00bb custom_margin_tablet=\u00bb30px||||false|false\u00bb custom_margin_phone=\u00bb30px||||false|false\u00bb custom_margin_last_edited=\u00bbon|phone\u00bb custom_padding=\u00bb0px||0px||false|false\u00bb] ENTRENAMIENTO [\/et_pb_text][et_pb_divider color=\u00bb#ffffff\u00bb _builder_version=\u00bb4.4.3&#8243; width=\u00bb60px\u00bb module_alignment=\u00bbcenter\u00bb custom_margin=\u00bb0px||0px||false|false\u00bb custom_padding=\u00bb0px||0px||false|false\u00bb][\/et_pb_divider][\/et_pb_column][\/et_pb_row][\/et_pb_section][et_pb_section fb_built=\u00bb1&#8243; _builder_version=\u00bb4.4.3&#8243; custom_padding=\u00bb0px||0px|||\u00bb][et_pb_row _builder_version=\u00bb4.4.3&#8243;][et_pb_column type=\u00bb4_4&#8243; _builder_version=\u00bb4.4.3&#8243;][et_pb_text _builder_version=\u00bb4.4.3&#8243; text_font_size=\u00bb16px\u00bb text_orientation=\u00bbcenter\u00bb] CenoteTours ofrece entrenamiento de la mejor calidad y con los m\u00e1s altos est\u00e1ndares. Desde cursos [&hellip;]\" \/>\n<meta property=\"og:url\" content=\"https:\/\/www.cenotetours.com\/es\/entrenamiento\/\" \/>\n<meta property=\"og:site_name\" content=\"Cenote Tours Cave Diving Mexico\" \/>\n<meta property=\"article:publisher\" content=\"https:\/\/www.facebook.com\/CenoteTours-581674115364731\/?ref=bookmarks\" \/>\n<meta property=\"article:modified_time\" content=\"2021-05-23T22:42:35+00:00\" \/>\n<meta name=\"twitter:card\" content=\"summary_large_image\" \/>\n<meta name=\"twitter:label1\" content=\"Tiempo de lectura\">\n\t<meta name=\"twitter:data1\" content=\"7 minutos\">\n<script type=\"application\/ld+json\" class=\"yoast-schema-graph\">{\"@context\":\"https:\/\/schema.org\",\"@graph\":[{\"@type\":\"Organization\",\"@id\":\"https:\/\/www.cenotetours.com\/#organization\",\"name\":\"CenoteTours\",\"url\":\"https:\/\/www.cenotetours.com\/\",\"sameAs\":[\"https:\/\/www.facebook.com\/CenoteTours-581674115364731\/?ref=bookmarks\",\"https:\/\/www.instagram.com\/cenotetours\/?hl=es\"],\"logo\":{\"@type\":\"ImageObject\",\"@id\":\"https:\/\/www.cenotetours.com\/#logo\",\"inLanguage\":\"es\",\"url\":\"\",\"contentUrl\":\"\",\"caption\":\"CenoteTours\"},\"image\":{\"@id\":\"https:\/\/www.cenotetours.com\/#logo\"}},{\"@type\":\"WebSite\",\"@id\":\"https:\/\/www.cenotetours.com\/#website\",\"url\":\"https:\/\/www.cenotetours.com\/\",\"name\":\"Cenote Tours Cave Diving Mexico\",\"description\":\"Start the adventure visiting the underground rivers\",\"publisher\":{\"@id\":\"https:\/\/www.cenotetours.com\/#organization\"},\"potentialAction\":[{\"@type\":\"SearchAction\",\"target\":\"https:\/\/www.cenotetours.com\/?s={search_term_string}\",\"query-input\":\"required name=search_term_string\"}],\"inLanguage\":\"es\"},{\"@type\":\"WebPage\",\"@id\":\"https:\/\/www.cenotetours.com\/es\/entrenamiento\/#webpage\",\"url\":\"https:\/\/www.cenotetours.com\/es\/entrenamiento\/\",\"name\":\"ENTRENAMIENTO - Cenote Tours Cave Diving Mexico\",\"isPartOf\":{\"@id\":\"https:\/\/www.cenotetours.com\/#website\"},\"datePublished\":\"2020-05-12T15:09:39+00:00\",\"dateModified\":\"2021-05-23T22:42:35+00:00\",\"breadcrumb\":{\"@id\":\"https:\/\/www.cenotetours.com\/es\/entrenamiento\/#breadcrumb\"},\"inLanguage\":\"es\",\"potentialAction\":[{\"@type\":\"ReadAction\",\"target\":[\"https:\/\/www.cenotetours.com\/es\/entrenamiento\/\"]}]},{\"@type\":\"BreadcrumbList\",\"@id\":\"https:\/\/www.cenotetours.com\/es\/entrenamiento\/#breadcrumb\",\"itemListElement\":[{\"@type\":\"ListItem\",\"position\":1,\"item\":{\"@type\":\"WebPage\",\"@id\":\"https:\/\/www.cenotetours.com\/es\/\",\"url\":\"https:\/\/www.cenotetours.com\/es\/\",\"name\":\"Home\"}},{\"@type\":\"ListItem\",\"position\":2,\"item\":{\"@id\":\"https:\/\/www.cenotetours.com\/es\/entrenamiento\/#webpage\"}}]}]}<\/script>\n<!-- \/ Yoast SEO plugin. -->","_links":{"self":[{"href":"https:\/\/www.cenotetours.com\/es\/wp-json\/wp\/v2\/pages\/3661"}],"collection":[{"href":"https:\/\/www.cenotetours.com\/es\/wp-json\/wp\/v2\/pages"}],"about":[{"href":"https:\/\/www.cenotetours.com\/es\/wp-json\/wp\/v2\/types\/page"}],"author":[{"embeddable":true,"href":"https:\/\/www.cenotetours.com\/es\/wp-json\/wp\/v2\/users\/1"}],"replies":[{"embeddable":true,"href":"https:\/\/www.cenotetours.com\/es\/wp-json\/wp\/v2\/comments?post=3661"}],"version-history":[{"count":10,"href":"https:\/\/www.cenotetours.com\/es\/wp-json\/wp\/v2\/pages\/3661\/revisions"}],"predecessor-version":[{"id":4649,"href":"https:\/\/www.cenotetours.com\/es\/wp-json\/wp\/v2\/pages\/3661\/revisions\/4649"}],"wp:attachment":[{"href":"https:\/\/www.cenotetours.com\/es\/wp-json\/wp\/v2\/media?parent=3661"}],"curies":[{"name":"wp","href":"https:\/\/api.w.org\/{rel}","templated":true}]}}