{"id":3450,"date":"2020-05-11T13:07:18","date_gmt":"2020-05-11T13:07:18","guid":{"rendered":"https:\/\/www.cenotetours.com\/articulos\/"},"modified":"2021-05-23T23:07:58","modified_gmt":"2021-05-23T23:07:58","slug":"articulos","status":"publish","type":"page","link":"https:\/\/www.cenotetours.com\/es\/articulos\/","title":{"rendered":"ART\u00cdCULOS"},"content":{"rendered":"<p>[et_pb_section fb_built=\u00bb1&#8243; _builder_version=\u00bb4.4.3&#8243; custom_margin=\u00bb0px||0px||false|false\u00bb custom_padding=\u00bb0px||0px||false|false\u00bb hover_enabled=\u00bb0&#8243; disabled_on=\u00bboff|off|off\u00bb][et_pb_row use_custom_gutter=\u00bbon\u00bb gutter_width=\u00bb1&#8243; _builder_version=\u00bb4.4.3&#8243; background_image=\u00bbhttps:\/\/www.cenotetours.com\/wp-content\/uploads\/2021\/05\/articles_header.jpg\u00bb width=\u00bb100%\u00bb max_width=\u00bb100%\u00bb custom_margin=\u00bb0px|auto|0px|auto|true|false\u00bb custom_padding=\u00bb110px||110px||true|false\u00bb hover_enabled=\u00bb0&#8243; null=\u00bb#2b87da\u00bb background_enable_color=\u00bboff\u00bb disabled_on=\u00bboff|off|off\u00bb][et_pb_column type=\u00bb4_4&#8243; _builder_version=\u00bb4.4.3&#8243;][et_pb_text _builder_version=\u00bb4.4.3&#8243; header_font_size=\u00bb35px\u00bb custom_margin=\u00bb0px||0px||false|false\u00bb custom_margin_tablet=\u00bb30px||||false|false\u00bb custom_margin_phone=\u00bb30px||||false|false\u00bb custom_margin_last_edited=\u00bbon|phone\u00bb custom_padding=\u00bb0px||0px||false|false\u00bb]<\/p>\n<h1 style=\"text-align: center;\">ART\u00cdCULOS<\/h1>\n<p>[\/et_pb_text][et_pb_divider color=\u00bb#ffffff\u00bb _builder_version=\u00bb4.4.3&#8243; width=\u00bb60px\u00bb module_alignment=\u00bbcenter\u00bb custom_margin=\u00bb0px||0px||false|false\u00bb custom_padding=\u00bb0px||0px||false|false\u00bb][\/et_pb_divider][\/et_pb_column][\/et_pb_row][\/et_pb_section][et_pb_section fb_built=\u00bb1&#8243; _builder_version=\u00bb4.4.3&#8243; custom_padding=\u00bb14px|||||\u00bb][et_pb_row _builder_version=\u00bb4.4.3&#8243;][et_pb_column type=\u00bb4_4&#8243; _builder_version=\u00bb4.4.3&#8243;][et_pb_blog fullwidth=\u00bboff\u00bb include_categories=\u00bball\u00bb excerpt_length=\u00bb140&#8243; show_more=\u00bbon\u00bb show_author=\u00bboff\u00bb show_categories=\u00bboff\u00bb _builder_version=\u00bb4.4.3&#8243; header_font=\u00bb|700|||||||\u00bb header_text_color=\u00bb#000000&#8243; header_line_height=\u00bb1.2em\u00bb body_text_color=\u00bb#000000&#8243; body_line_height=\u00bb1.5em\u00bb meta_font=\u00bb|600|||||||\u00bb meta_text_color=\u00bb#adadad\u00bb read_more_font=\u00bb|700|||||||\u00bb read_more_text_color=\u00bb#0582ca\u00bb read_more_line_height=\u00bb1.8em\u00bb header_line_height_tablet=\u00bb\u00bb header_line_height_phone=\u00bb\u00bb header_line_height_last_edited=\u00bbon|phone\u00bb body_line_height_tablet=\u00bb1.4em\u00bb body_line_height_phone=\u00bb1.2em\u00bb body_line_height_last_edited=\u00bbon|phone\u00bb meta_line_height_tablet=\u00bb\u00bb meta_line_height_phone=\u00bb1.6em\u00bb meta_line_height_last_edited=\u00bbon|phone\u00bb border_radii=\u00bbon|10px|10px|10px|10px\u00bb border_width_all=\u00bb0px\u00bb][\/et_pb_blog][\/et_pb_column][\/et_pb_row][\/et_pb_section]<\/p>\n","protected":false},"excerpt":{"rendered":"<p>[et_pb_section fb_built=\u00bb1&#8243; _builder_version=\u00bb4.4.3&#8243; custom_margin=\u00bb0px||0px||false|false\u00bb custom_padding=\u00bb0px||0px||false|false\u00bb hover_enabled=\u00bb0&#8243; disabled_on=\u00bboff|off|off\u00bb][et_pb_row use_custom_gutter=\u00bbon\u00bb gutter_width=\u00bb1&#8243; _builder_version=\u00bb4.4.3&#8243; background_image=\u00bbhttps:\/\/www.cenotetours.com\/wp-content\/uploads\/2021\/05\/articles_header.jpg\u00bb width=\u00bb100%\u00bb max_width=\u00bb100%\u00bb custom_margin=\u00bb0px|auto|0px|auto|true|false\u00bb custom_padding=\u00bb110px||110px||true|false\u00bb hover_enabled=\u00bb0&#8243; null=\u00bb#2b87da\u00bb background_enable_color=\u00bboff\u00bb disabled_on=\u00bboff|off|off\u00bb][et_pb_column type=\u00bb4_4&#8243; _builder_version=\u00bb4.4.3&#8243;][et_pb_text _builder_version=\u00bb4.4.3&#8243; header_font_size=\u00bb35px\u00bb custom_margin=\u00bb0px||0px||false|false\u00bb custom_margin_tablet=\u00bb30px||||false|false\u00bb custom_margin_phone=\u00bb30px||||false|false\u00bb custom_margin_last_edited=\u00bbon|phone\u00bb custom_padding=\u00bb0px||0px||false|false\u00bb] ART\u00cdCULOS [\/et_pb_text][et_pb_divider color=\u00bb#ffffff\u00bb _builder_version=\u00bb4.4.3&#8243; width=\u00bb60px\u00bb module_alignment=\u00bbcenter\u00bb custom_margin=\u00bb0px||0px||false|false\u00bb custom_padding=\u00bb0px||0px||false|false\u00bb][\/et_pb_divider][\/et_pb_column][\/et_pb_row][\/et_pb_section][et_pb_section fb_built=\u00bb1&#8243; _builder_version=\u00bb4.4.3&#8243; custom_padding=\u00bb14px|||||\u00bb][et_pb_row _builder_version=\u00bb4.4.3&#8243;][et_pb_column type=\u00bb4_4&#8243; _builder_version=\u00bb4.4.3&#8243;][et_pb_blog fullwidth=\u00bboff\u00bb include_categories=\u00bball\u00bb excerpt_length=\u00bb140&#8243; show_more=\u00bbon\u00bb show_author=\u00bboff\u00bb show_categories=\u00bboff\u00bb _builder_version=\u00bb4.4.3&#8243; header_font=\u00bb|700|||||||\u00bb header_text_color=\u00bb#000000&#8243; header_line_height=\u00bb1.2em\u00bb body_text_color=\u00bb#000000&#8243; body_line_height=\u00bb1.5em\u00bb meta_font=\u00bb|600|||||||\u00bb [&hellip;]<\/p>\n","protected":false},"author":1,"featured_media":0,"parent":0,"menu_order":0,"comment_status":"closed","ping_status":"closed","template":"","meta":{"_et_pb_use_builder":"on","_et_pb_old_content":"","_et_gb_content_width":""},"yoast_head":"<!-- This site is optimized with the Yoast SEO plugin v16.3 - https:\/\/yoast.com\/wordpress\/plugins\/seo\/ -->\n<title>Diving ART\u00cdCULOS - Cenote Tours Cave Diving Mexico<\/title>\n<meta name=\"description\" content=\"Nos apasiona lo que hacemos y queremos compartirlo contigo. Aqu\u00ed podr\u00e1s encontrar art\u00edculos sobre buceo de cueva y compartir nuestra pasi\u00f3n\" \/>\n<meta name=\"robots\" content=\"index, follow, max-snippet:-1, max-image-preview:large, max-video-preview:-1\" \/>\n<link rel=\"canonical\" href=\"https:\/\/www.cenotetours.com\/es\/articulos\/\" \/>\n<meta property=\"og:locale\" content=\"es_ES\" \/>\n<meta property=\"og:type\" content=\"article\" \/>\n<meta property=\"og:title\" content=\"Diving ART\u00cdCULOS - Cenote Tours Cave Diving Mexico\" \/>\n<meta property=\"og:description\" content=\"Nos apasiona lo que hacemos y queremos compartirlo contigo. Aqu\u00ed podr\u00e1s encontrar art\u00edculos sobre buceo de cueva y compartir nuestra pasi\u00f3n\" \/>\n<meta property=\"og:url\" content=\"https:\/\/www.cenotetours.com\/es\/articulos\/\" \/>\n<meta property=\"og:site_name\" content=\"Cenote Tours Cave Diving Mexico\" \/>\n<meta property=\"article:publisher\" content=\"https:\/\/www.facebook.com\/CenoteTours-581674115364731\/?ref=bookmarks\" \/>\n<meta property=\"article:modified_time\" content=\"2021-05-23T23:07:58+00:00\" \/>\n<meta name=\"twitter:card\" content=\"summary_large_image\" \/>\n<meta name=\"twitter:label1\" content=\"Tiempo de lectura\">\n\t<meta name=\"twitter:data1\" content=\"2 minutos\">\n<script type=\"application\/ld+json\" class=\"yoast-schema-graph\">{\"@context\":\"https:\/\/schema.org\",\"@graph\":[{\"@type\":\"Organization\",\"@id\":\"https:\/\/www.cenotetours.com\/#organization\",\"name\":\"CenoteTours\",\"url\":\"https:\/\/www.cenotetours.com\/\",\"sameAs\":[\"https:\/\/www.facebook.com\/CenoteTours-581674115364731\/?ref=bookmarks\",\"https:\/\/www.instagram.com\/cenotetours\/?hl=es\"],\"logo\":{\"@type\":\"ImageObject\",\"@id\":\"https:\/\/www.cenotetours.com\/#logo\",\"inLanguage\":\"es\",\"url\":\"\",\"contentUrl\":\"\",\"caption\":\"CenoteTours\"},\"image\":{\"@id\":\"https:\/\/www.cenotetours.com\/#logo\"}},{\"@type\":\"WebSite\",\"@id\":\"https:\/\/www.cenotetours.com\/#website\",\"url\":\"https:\/\/www.cenotetours.com\/\",\"name\":\"Cenote Tours Cave Diving Mexico\",\"description\":\"Start the adventure visiting the underground rivers\",\"publisher\":{\"@id\":\"https:\/\/www.cenotetours.com\/#organization\"},\"potentialAction\":[{\"@type\":\"SearchAction\",\"target\":\"https:\/\/www.cenotetours.com\/?s={search_term_string}\",\"query-input\":\"required name=search_term_string\"}],\"inLanguage\":\"es\"},{\"@type\":\"WebPage\",\"@id\":\"https:\/\/www.cenotetours.com\/es\/articulos\/#webpage\",\"url\":\"https:\/\/www.cenotetours.com\/es\/articulos\/\",\"name\":\"Diving ART\\u00cdCULOS - Cenote Tours Cave Diving Mexico\",\"isPartOf\":{\"@id\":\"https:\/\/www.cenotetours.com\/#website\"},\"datePublished\":\"2020-05-11T13:07:18+00:00\",\"dateModified\":\"2021-05-23T23:07:58+00:00\",\"description\":\"Nos apasiona lo que hacemos y queremos compartirlo contigo. Aqu\\u00ed podr\\u00e1s encontrar art\\u00edculos sobre buceo de cueva y compartir nuestra pasi\\u00f3n\",\"breadcrumb\":{\"@id\":\"https:\/\/www.cenotetours.com\/es\/articulos\/#breadcrumb\"},\"inLanguage\":\"es\",\"potentialAction\":[{\"@type\":\"ReadAction\",\"target\":[\"https:\/\/www.cenotetours.com\/es\/articulos\/\"]}]},{\"@type\":\"BreadcrumbList\",\"@id\":\"https:\/\/www.cenotetours.com\/es\/articulos\/#breadcrumb\",\"itemListElement\":[{\"@type\":\"ListItem\",\"position\":1,\"item\":{\"@type\":\"WebPage\",\"@id\":\"https:\/\/www.cenotetours.com\/es\/\",\"url\":\"https:\/\/www.cenotetours.com\/es\/\",\"name\":\"Home\"}},{\"@type\":\"ListItem\",\"position\":2,\"item\":{\"@id\":\"https:\/\/www.cenotetours.com\/es\/articulos\/#webpage\"}}]}]}<\/script>\n<!-- \/ Yoast SEO plugin. -->","_links":{"self":[{"href":"https:\/\/www.cenotetours.com\/es\/wp-json\/wp\/v2\/pages\/3450"}],"collection":[{"href":"https:\/\/www.cenotetours.com\/es\/wp-json\/wp\/v2\/pages"}],"about":[{"href":"https:\/\/www.cenotetours.com\/es\/wp-json\/wp\/v2\/types\/page"}],"author":[{"embeddable":true,"href":"https:\/\/www.cenotetours.com\/es\/wp-json\/wp\/v2\/users\/1"}],"replies":[{"embeddable":true,"href":"https:\/\/www.cenotetours.com\/es\/wp-json\/wp\/v2\/comments?post=3450"}],"version-history":[{"count":9,"href":"https:\/\/www.cenotetours.com\/es\/wp-json\/wp\/v2\/pages\/3450\/revisions"}],"predecessor-version":[{"id":4682,"href":"https:\/\/www.cenotetours.com\/es\/wp-json\/wp\/v2\/pages\/3450\/revisions\/4682"}],"wp:attachment":[{"href":"https:\/\/www.cenotetours.com\/es\/wp-json\/wp\/v2\/media?parent=3450"}],"curies":[{"name":"wp","href":"https:\/\/api.w.org\/{rel}","templated":true}]}}