{"id":3261,"date":"2020-05-08T10:25:51","date_gmt":"2020-05-08T10:25:51","guid":{"rendered":"https:\/\/www.cenotetours.com\/angelita\/"},"modified":"2021-02-21T20:33:07","modified_gmt":"2021-02-21T20:33:07","slug":"angelita","status":"publish","type":"page","link":"https:\/\/www.cenotetours.com\/es\/angelita\/","title":{"rendered":"Angelita"},"content":{"rendered":"<p>[et_pb_section fb_built=\u00bb1&#8243; custom_padding_last_edited=\u00bbon|phone\u00bb _builder_version=\u00bb4.4.3&#8243; custom_padding=\u00bb10px|0px|0|0px|false|false\u00bb custom_padding_tablet=\u00bb\u00bb custom_padding_phone=\u00bb0px||5px\u00bb][et_pb_row use_custom_gutter=\u00bbon\u00bb gutter_width=\u00bb1&#8243; make_equal=\u00bbon\u00bb module_class=\u00bb et_pb_row_fullwidth\u00bb _builder_version=\u00bb4.4.3&#8243; width=\u00bb100%\u00bb width_tablet=\u00bb100%\u00bb width_phone=\u00bb\u00bb width_last_edited=\u00bbon|desktop\u00bb max_width=\u00bb2560%\u00bb max_width_tablet=\u00bb100%\u00bb max_width_phone=\u00bb\u00bb max_width_last_edited=\u00bbon|desktop\u00bb custom_padding=\u00bb||0|10px|false|false\u00bb make_fullwidth=\u00bbon\u00bb][et_pb_column type=\u00bb4_4&#8243; _builder_version=\u00bb3.25&#8243; custom_padding=\u00bb|||\u00bb custom_padding__hover=\u00bb|||\u00bb][et_pb_text _builder_version=\u00bb4.4.3&#8243; text_font=\u00bb|800|||||||\u00bb text_text_color=\u00bb#ffffff\u00bb text_font_size=\u00bb67px\u00bb header_font=\u00bb|800|||||||\u00bb header_text_color=\u00bb#ffffff\u00bb header_font_size=\u00bb70px\u00bb text_orientation=\u00bbcenter\u00bb background_layout=\u00bbdark\u00bb custom_margin=\u00bb||-25px||false|false\u00bb custom_padding=\u00bb0px||0px||false|false\u00bb text_font_size_tablet=\u00bb\u00bb text_font_size_phone=\u00bb40px\u00bb text_font_size_last_edited=\u00bbon|desktop\u00bb header_font_size_tablet=\u00bb50px\u00bb header_font_size_phone=\u00bb\u00bb header_font_size_last_edited=\u00bbon|phone\u00bb]<\/p>\n<h1>Angelita<\/h1>\n<p>[\/et_pb_text][et_pb_divider color=\u00bb#ffffff\u00bb divider_position=\u00bbbottom\u00bb _builder_version=\u00bb4.4.3&#8243; custom_margin=\u00bb0px||\u00bb custom_padding=\u00bb10px||\u00bb custom_padding_tablet=\u00bb\u00bb custom_padding_phone=\u00bb0px||\u00bb custom_padding_last_edited=\u00bbon|desktop\u00bb][\/et_pb_divider][\/et_pb_column][\/et_pb_row][\/et_pb_section][et_pb_section fb_built=\u00bb1&#8243; use_custom_gutter=\u00bbon\u00bb specialty=\u00bbon\u00bb _builder_version=\u00bb4.4.3&#8243; background_color=\u00bb#000000&#8243; custom_margin=\u00bb10px|||0px|false|false\u00bb custom_margin_tablet=\u00bb20px||||false|false\u00bb custom_margin_phone=\u00bb\u00bb custom_margin_last_edited=\u00bbon|phone\u00bb custom_padding=\u00bb0px||3px|||\u00bb][et_pb_column type=\u00bb1_3&#8243; _builder_version=\u00bb3.25&#8243; custom_padding=\u00bb|||\u00bb custom_padding__hover=\u00bb|||\u00bb][et_pb_text _builder_version=\u00bb4.4.3&#8243; background_layout=\u00bbdark\u00bb custom_margin=\u00bb|50px||-50px|false|false\u00bb custom_margin_tablet=\u00bb|0px||0px|false|false\u00bb custom_margin_phone=\u00bb\u00bb custom_margin_last_edited=\u00bbon|phone\u00bb]<\/p>\n<h6><b>El mundo de Tim Burton.<\/b><\/h6>\n<p><span style=\"font-weight: 400;\">Un buceo \u00fanico.<\/span><\/p>\n<p><span style=\"font-weight: 400;\">Desciende 30m (100 pies) hasta encontrar una densa nube de \u00e1cido sulfh\u00eddrico. El gas liberado en la descomposici\u00f3n de la materia org\u00e1nica queda atrapado en la haloclina, creando una capa de 2m (6 pies) tan densa que da la sensaci\u00f3n que has llegado al fondo del cenote. <\/span><\/p>\n<p><span style=\"font-weight: 400;\">Saliendo de la nube ver\u00e1s \u00e1rboles secos que te har\u00e1n creer que est\u00e1s dentro de un extra\u00f1o sue\u00f1o. Cruzar la nube es la mayor atracci\u00f3n de este buceo. <\/span><\/p>\n<p><span style=\"font-weight: 400;\">Durante unos segundos perder\u00e1s la visibildad y podr\u00e1s oler el \u00e1cido sulfh\u00eddrico (huevos podridos). Despu\u00e9s de unos minutos debajo de esta capa ser\u00e1 hora de volver encima de la nube para jugar un rato con ella todo lo que nuestro LND nos permita.<\/span><\/p>\n<p><span style=\"font-weight: 400;\">Nivel: avanzado, buzos experimentados.<\/span>[\/et_pb_text][et_pb_button button_url=\u00bbhttps:\/\/www.cenotetours.com\/es\/contacto\/\u00bb button_text=\u00bbPlanea tus buceos\u00bb button_alignment=\u00bbcenter\u00bb _builder_version=\u00bb4.4.3&#8243; custom_button=\u00bbon\u00bb button_text_size=\u00bb14px\u00bb button_bg_color=\u00bb#0582ca\u00bb button_border_width=\u00bb0px\u00bb button_border_radius=\u00bb10px\u00bb button_icon=\u00bb%%28%%\u00bb button_on_hover=\u00bboff\u00bb custom_margin=\u00bb40px||||false|false\u00bb custom_padding=\u00bb6px|40px|6px|20px|true|false\u00bb hover_enabled=\u00bb0&#8243; button_bg_color__hover_enabled=\u00bbon|hover\u00bb button_bg_color__hover=\u00bb#45006d\u00bb button_bg_enable_color__hover=\u00bbon\u00bb][\/et_pb_button][\/et_pb_column][et_pb_column type=\u00bb2_3&#8243; specialty_columns=\u00bb2&#8243; _builder_version=\u00bb3.25&#8243; custom_padding=\u00bb|||\u00bb custom_padding__hover=\u00bb|||\u00bb][et_pb_row_inner use_custom_gutter=\u00bbon\u00bb gutter_width=\u00bb1&#8243; make_equal=\u00bbon\u00bb _builder_version=\u00bb4.4.3&#8243; width=\u00bb100%\u00bb min_height=\u00bb914px\u00bb custom_margin=\u00bb0px|0px|0px|0px|false|false\u00bb custom_padding=\u00bb0px|0px|0px|0px|false|false\u00bb][et_pb_column_inner saved_specialty_column_type=\u00bb2_3&#8243; _builder_version=\u00bb4.4.3&#8243; background_enable_color=\u00bboff\u00bb][et_pb_gallery gallery_ids=\u00bb3277,3276,3275,3274,3273,3272,3271,3270,3269,3268&#8243; posts_number=\u00bb10&#8243; show_title_and_caption=\u00bboff\u00bb show_pagination=\u00bboff\u00bb zoom_icon_color=\u00bbrgba(255,255,255,0.5)\u00bb hover_overlay_color=\u00bbrgba(0,0,0,0.45)\u00bb hover_icon=\u00bb%%200%%\u00bb _builder_version=\u00bb4.4.3&#8243; height=\u00bb903px\u00bb custom_margin=\u00bb20px|-50px|0px|-90px|false|false\u00bb custom_margin_tablet=\u00bb|-90px|||false|false\u00bb custom_margin_phone=\u00bb0px|0px||0px|false|false\u00bb custom_margin_last_edited=\u00bbon|phone\u00bb custom_padding=\u00bb||0px|0px||\u00bb border_width_all_image=\u00bb2px\u00bb border_color_all_image=\u00bb#000000&#8243;][\/et_pb_gallery][\/et_pb_column_inner][\/et_pb_row_inner][\/et_pb_column][\/et_pb_section]<\/p>\n","protected":false},"excerpt":{"rendered":"<p>[et_pb_section fb_built=\u00bb1&#8243; custom_padding_last_edited=\u00bbon|phone\u00bb _builder_version=\u00bb4.4.3&#8243; custom_padding=\u00bb10px|0px|0|0px|false|false\u00bb custom_padding_tablet=\u00bb\u00bb custom_padding_phone=\u00bb0px||5px\u00bb][et_pb_row use_custom_gutter=\u00bbon\u00bb gutter_width=\u00bb1&#8243; make_equal=\u00bbon\u00bb module_class=\u00bb et_pb_row_fullwidth\u00bb _builder_version=\u00bb4.4.3&#8243; width=\u00bb100%\u00bb width_tablet=\u00bb100%\u00bb width_phone=\u00bb\u00bb width_last_edited=\u00bbon|desktop\u00bb max_width=\u00bb2560%\u00bb max_width_tablet=\u00bb100%\u00bb max_width_phone=\u00bb\u00bb max_width_last_edited=\u00bbon|desktop\u00bb custom_padding=\u00bb||0|10px|false|false\u00bb make_fullwidth=\u00bbon\u00bb][et_pb_column type=\u00bb4_4&#8243; _builder_version=\u00bb3.25&#8243; custom_padding=\u00bb|||\u00bb custom_padding__hover=\u00bb|||\u00bb][et_pb_text _builder_version=\u00bb4.4.3&#8243; text_font=\u00bb|800|||||||\u00bb text_text_color=\u00bb#ffffff\u00bb text_font_size=\u00bb67px\u00bb header_font=\u00bb|800|||||||\u00bb header_text_color=\u00bb#ffffff\u00bb header_font_size=\u00bb70px\u00bb text_orientation=\u00bbcenter\u00bb background_layout=\u00bbdark\u00bb custom_margin=\u00bb||-25px||false|false\u00bb custom_padding=\u00bb0px||0px||false|false\u00bb text_font_size_tablet=\u00bb\u00bb text_font_size_phone=\u00bb40px\u00bb text_font_size_last_edited=\u00bbon|desktop\u00bb header_font_size_tablet=\u00bb50px\u00bb header_font_size_phone=\u00bb\u00bb header_font_size_last_edited=\u00bbon|phone\u00bb] Angelita [\/et_pb_text][et_pb_divider color=\u00bb#ffffff\u00bb divider_position=\u00bbbottom\u00bb _builder_version=\u00bb4.4.3&#8243; custom_margin=\u00bb0px||\u00bb custom_padding=\u00bb10px||\u00bb custom_padding_tablet=\u00bb\u00bb custom_padding_phone=\u00bb0px||\u00bb custom_padding_last_edited=\u00bbon|desktop\u00bb][\/et_pb_divider][\/et_pb_column][\/et_pb_row][\/et_pb_section][et_pb_section fb_built=\u00bb1&#8243; [&hellip;]<\/p>\n","protected":false},"author":1,"featured_media":0,"parent":0,"menu_order":0,"comment_status":"closed","ping_status":"closed","template":"","meta":{"_et_pb_use_builder":"on","_et_pb_old_content":"","_et_gb_content_width":""},"yoast_head":"<!-- This site is optimized with the Yoast SEO plugin v16.3 - https:\/\/yoast.com\/wordpress\/plugins\/seo\/ -->\n<title>Angelita Cenote - Cenote Tours Cave Diving Mexico<\/title>\n<meta name=\"description\" content=\"Bucear en Angelita te dejar\u00e1 sin palabras. Es un buceo \u00fanico, casi parece que est\u00e1s realmente descendiendo al inframundo. \u00bfTe lo vas a perder?\" \/>\n<meta name=\"robots\" content=\"index, follow, max-snippet:-1, max-image-preview:large, max-video-preview:-1\" \/>\n<link rel=\"canonical\" href=\"https:\/\/www.cenotetours.com\/es\/angelita\/\" \/>\n<meta property=\"og:locale\" content=\"es_ES\" \/>\n<meta property=\"og:type\" content=\"article\" \/>\n<meta property=\"og:title\" content=\"Angelita Cenote - Cenote Tours Cave Diving Mexico\" \/>\n<meta property=\"og:description\" content=\"Bucear en Angelita te dejar\u00e1 sin palabras. Es un buceo \u00fanico, casi parece que est\u00e1s realmente descendiendo al inframundo. \u00bfTe lo vas a perder?\" \/>\n<meta property=\"og:url\" content=\"https:\/\/www.cenotetours.com\/es\/angelita\/\" \/>\n<meta property=\"og:site_name\" content=\"Cenote Tours Cave Diving Mexico\" \/>\n<meta property=\"article:publisher\" content=\"https:\/\/www.facebook.com\/CenoteTours-581674115364731\/?ref=bookmarks\" \/>\n<meta property=\"article:modified_time\" content=\"2021-02-21T20:33:07+00:00\" \/>\n<meta name=\"twitter:card\" content=\"summary_large_image\" \/>\n<meta name=\"twitter:label1\" content=\"Tiempo de lectura\">\n\t<meta name=\"twitter:data1\" content=\"3 minutos\">\n<script type=\"application\/ld+json\" class=\"yoast-schema-graph\">{\"@context\":\"https:\/\/schema.org\",\"@graph\":[{\"@type\":\"Organization\",\"@id\":\"https:\/\/www.cenotetours.com\/#organization\",\"name\":\"CenoteTours\",\"url\":\"https:\/\/www.cenotetours.com\/\",\"sameAs\":[\"https:\/\/www.facebook.com\/CenoteTours-581674115364731\/?ref=bookmarks\",\"https:\/\/www.instagram.com\/cenotetours\/?hl=es\"],\"logo\":{\"@type\":\"ImageObject\",\"@id\":\"https:\/\/www.cenotetours.com\/#logo\",\"inLanguage\":\"es\",\"url\":\"\",\"contentUrl\":\"\",\"caption\":\"CenoteTours\"},\"image\":{\"@id\":\"https:\/\/www.cenotetours.com\/#logo\"}},{\"@type\":\"WebSite\",\"@id\":\"https:\/\/www.cenotetours.com\/#website\",\"url\":\"https:\/\/www.cenotetours.com\/\",\"name\":\"Cenote Tours Cave Diving Mexico\",\"description\":\"Start the adventure visiting the underground rivers\",\"publisher\":{\"@id\":\"https:\/\/www.cenotetours.com\/#organization\"},\"potentialAction\":[{\"@type\":\"SearchAction\",\"target\":\"https:\/\/www.cenotetours.com\/?s={search_term_string}\",\"query-input\":\"required name=search_term_string\"}],\"inLanguage\":\"es\"},{\"@type\":\"WebPage\",\"@id\":\"https:\/\/www.cenotetours.com\/es\/angelita\/#webpage\",\"url\":\"https:\/\/www.cenotetours.com\/es\/angelita\/\",\"name\":\"Angelita Cenote - Cenote Tours Cave Diving Mexico\",\"isPartOf\":{\"@id\":\"https:\/\/www.cenotetours.com\/#website\"},\"datePublished\":\"2020-05-08T10:25:51+00:00\",\"dateModified\":\"2021-02-21T20:33:07+00:00\",\"description\":\"Bucear en Angelita te dejar\\u00e1 sin palabras. Es un buceo \\u00fanico, casi parece que est\\u00e1s realmente descendiendo al inframundo. \\u00bfTe lo vas a perder?\",\"breadcrumb\":{\"@id\":\"https:\/\/www.cenotetours.com\/es\/angelita\/#breadcrumb\"},\"inLanguage\":\"es\",\"potentialAction\":[{\"@type\":\"ReadAction\",\"target\":[\"https:\/\/www.cenotetours.com\/es\/angelita\/\"]}]},{\"@type\":\"BreadcrumbList\",\"@id\":\"https:\/\/www.cenotetours.com\/es\/angelita\/#breadcrumb\",\"itemListElement\":[{\"@type\":\"ListItem\",\"position\":1,\"item\":{\"@type\":\"WebPage\",\"@id\":\"https:\/\/www.cenotetours.com\/es\/\",\"url\":\"https:\/\/www.cenotetours.com\/es\/\",\"name\":\"Home\"}},{\"@type\":\"ListItem\",\"position\":2,\"item\":{\"@id\":\"https:\/\/www.cenotetours.com\/es\/angelita\/#webpage\"}}]}]}<\/script>\n<!-- \/ Yoast SEO plugin. -->","_links":{"self":[{"href":"https:\/\/www.cenotetours.com\/es\/wp-json\/wp\/v2\/pages\/3261"}],"collection":[{"href":"https:\/\/www.cenotetours.com\/es\/wp-json\/wp\/v2\/pages"}],"about":[{"href":"https:\/\/www.cenotetours.com\/es\/wp-json\/wp\/v2\/types\/page"}],"author":[{"embeddable":true,"href":"https:\/\/www.cenotetours.com\/es\/wp-json\/wp\/v2\/users\/1"}],"replies":[{"embeddable":true,"href":"https:\/\/www.cenotetours.com\/es\/wp-json\/wp\/v2\/comments?post=3261"}],"version-history":[{"count":21,"href":"https:\/\/www.cenotetours.com\/es\/wp-json\/wp\/v2\/pages\/3261\/revisions"}],"predecessor-version":[{"id":4368,"href":"https:\/\/www.cenotetours.com\/es\/wp-json\/wp\/v2\/pages\/3261\/revisions\/4368"}],"wp:attachment":[{"href":"https:\/\/www.cenotetours.com\/es\/wp-json\/wp\/v2\/media?parent=3261"}],"curies":[{"name":"wp","href":"https:\/\/api.w.org\/{rel}","templated":true}]}}